{"id":61,"date":"2019-06-04T11:49:36","date_gmt":"2019-06-04T11:49:36","guid":{"rendered":"http:\/\/www.jfpontagarca.net\/?page_id=61"},"modified":"2025-12-16T15:38:37","modified_gmt":"2025-12-16T15:38:37","slug":"mensagem-do-presidente","status":"publish","type":"page","link":"https:\/\/www.jfpontagarca.net\/?page_id=61","title":{"rendered":"Mensagem do Presidente"},"content":{"rendered":"\n<p>Pontagarcenses<\/p>\n\n\n\n<p>\u00c9 com um profundo sentido de responsabilidade, humildade e esperan\u00e7a que tomamos posse como equipa eleita para servir esta freguesia. Este momento n\u00e3o foi <a><\/a> apenas um ato simb\u00f3lico \u00e9 o in\u00edcio de um novo ciclo de trabalho, di\u00e1logo e compromisso com todos os cidad\u00e3os de Ponta Gar\u00e7a.<\/p>\n\n\n\n<p>O nosso programa eleitoral \u00e9 ambicioso e desafiante, sabemos que os desafios s\u00e3o muitos, mas acreditamos que com uni\u00e3o e esp\u00edrito de equipa, nada \u00e9 imposs\u00edvel, desde que Governo Regional e C\u00e2mara Municipal juntem-se a n\u00f3s nesta luta.<\/p>\n\n\n\n<p>A inclus\u00e3o ser\u00e1 um dos pilares da nossa a\u00e7\u00e3o. Pretendemos ouvir todas as vozes, dos mais jovens aos mais idosos, das fam\u00edlias \u00e0s institui\u00e7\u00f5es, de quem aqui nasceu e de quem escolheu Ponta Gar\u00e7a para viver.<\/p>\n\n\n\n<p>Acreditamos que o verdadeiro progresso s\u00f3 acontece quando ningu\u00e9m fica para tr\u00e1s. Assim, cada projeto, cada decis\u00e3o e cada investimento ser\u00e1 pensado com o objetivo de melhorar a qualidade de vida de todos, sem exce\u00e7\u00e3o.<\/p>\n\n\n\n<p>Comprometemo-nos a trabalhar com transpar\u00eancia, dedica\u00e7\u00e3o e proximidade, ouvindo, respeitando e valorizando cada opini\u00e3o.<\/p>\n\n\n\n<p>Mais do que uma tomada de posse, celebramos um compromisso: o compromisso com o futuro de Ponta Gar\u00e7a.<\/p>\n\n\n\n<p>Um futuro onde cada um de n\u00f3s possa dizer com orgulho: &#8220;Eu sou de Ponta Gar\u00e7a.&#8221;<\/p>\n\n\n\n<figure class=\"wp-block-image size-full\"><img loading=\"lazy\" decoding=\"async\" width=\"599\" height=\"882\" src=\"https:\/\/www.jfpontagarca.net\/wp-content\/uploads\/2025\/11\/foto-executivo.jpgok_.jpg\" alt=\"\" class=\"wp-image-446\" srcset=\"https:\/\/www.jfpontagarca.net\/wp-content\/uploads\/2025\/11\/foto-executivo.jpgok_.jpg 599w, https:\/\/www.jfpontagarca.net\/wp-content\/uploads\/2025\/11\/foto-executivo.jpgok_-204x300.jpg 204w\" sizes=\"(max-width: 599px) 100vw, 599px\" \/><\/figure>\n","protected":false},"excerpt":{"rendered":"<p>Pontagarcenses \u00c9 com um profundo sentido de responsabilidade, humildade e esperan\u00e7a que tomamos posse como equipa eleita para servir esta freguesia. Este momento n\u00e3o foi apenas um ato simb\u00f3lico \u00e9 o in\u00edcio de um novo ciclo de trabalho, di\u00e1logo e compromisso com todos os cidad\u00e3os de Ponta Gar\u00e7a. O nosso programa eleitoral \u00e9 ambicioso e [&hellip;]<\/p>\n","protected":false},"author":2,"featured_media":0,"parent":0,"menu_order":0,"comment_status":"closed","ping_status":"closed","template":"","meta":{"footnotes":""},"class_list":["post-61","page","type-page","status-publish","hentry"],"_links":{"self":[{"href":"https:\/\/www.jfpontagarca.net\/index.php?rest_route=\/wp\/v2\/pages\/61"}],"collection":[{"href":"https:\/\/www.jfpontagarca.net\/index.php?rest_route=\/wp\/v2\/pages"}],"about":[{"href":"https:\/\/www.jfpontagarca.net\/index.php?rest_route=\/wp\/v2\/types\/page"}],"author":[{"embeddable":true,"href":"https:\/\/www.jfpontagarca.net\/index.php?rest_route=\/wp\/v2\/users\/2"}],"replies":[{"embeddable":true,"href":"https:\/\/www.jfpontagarca.net\/index.php?rest_route=%2Fwp%2Fv2%2Fcomments&post=61"}],"version-history":[{"count":4,"href":"https:\/\/www.jfpontagarca.net\/index.php?rest_route=\/wp\/v2\/pages\/61\/revisions"}],"predecessor-version":[{"id":450,"href":"https:\/\/www.jfpontagarca.net\/index.php?rest_route=\/wp\/v2\/pages\/61\/revisions\/450"}],"wp:attachment":[{"href":"https:\/\/www.jfpontagarca.net\/index.php?rest_route=%2Fwp%2Fv2%2Fmedia&parent=61"}],"curies":[{"name":"wp","href":"https:\/\/api.w.org\/{rel}","templated":true}]}}