{"id":128,"date":"2019-07-04T10:31:01","date_gmt":"2019-07-04T10:31:01","guid":{"rendered":"http:\/\/www.jfpontagarca.net\/?page_id=128"},"modified":"2019-07-12T11:51:31","modified_gmt":"2019-07-12T11:51:31","slug":"reservas-naturais","status":"publish","type":"page","link":"https:\/\/www.jfpontagarca.net\/?page_id=128","title":{"rendered":"Reservas Naturais"},"content":{"rendered":"\n<p class=\"has-medium-font-size\"><strong>Lagoa do Congro<\/strong><\/p>\n\n\n\n<p>A Lagoa do Congro apresenta uma \u00e1gua verde escura, envolta por um denso arvoredo.<br> Altitude: 420 m;<br>Comprimento m\u00e1ximo: 255 m;<br>Profundidade m\u00e1xima: 6 m;<br>\u00c1rea da Bacia: 0.33 Km\u00b2;<br>Estado Tr\u00f3fico: Eutr\u00f3fico<\/p>\n\n\n\n<ul class=\"wp-block-gallery columns-2 is-cropped wp-block-gallery-1 is-layout-flex wp-block-gallery-is-layout-flex\"><li class=\"blocks-gallery-item\"><figure><img loading=\"lazy\" decoding=\"async\" width=\"225\" height=\"167\" src=\"http:\/\/www.jfpontagarca.net\/wp-content\/uploads\/2019\/07\/lagoa2.jpg\" alt=\"\" data-id=\"262\" class=\"wp-image-262\"\/><\/figure><\/li><li class=\"blocks-gallery-item\"><figure><img loading=\"lazy\" decoding=\"async\" width=\"225\" height=\"167\" src=\"http:\/\/www.jfpontagarca.net\/wp-content\/uploads\/2019\/07\/congro2.jpg\" alt=\"\" data-id=\"263\" data-link=\"http:\/\/www.jfpontagarca.net\/index.php\/reservas-naturais\/congro2\/\" class=\"wp-image-263\"\/><\/figure><\/li><\/ul>\n\n\n\n<p class=\"has-medium-font-size\"><strong>Lagoa dos Nen\u00fafares<\/strong><\/p>\n\n\n\n<p>Lagoa dos Nen\u00fafares , quase totalmente coberta por flores, apresenta uma beleza \u00fanica, merecem uma visita cuidada.<\/p>\n\n\n\n<figure class=\"wp-block-image is-resized\"><img loading=\"lazy\" decoding=\"async\" src=\"http:\/\/www.jfpontagarca.net\/wp-content\/uploads\/2019\/07\/image-14.png\" alt=\"\" class=\"wp-image-264\" width=\"402\" height=\"300\"\/><\/figure>\n\n\n\n<p><strong>Parque Natural do Cerrado dos\nBezerros<\/strong><\/p>\n\n\n\n<p>O Parque Natural do Cerrado dos Bezerros, apresenta excelentes condi\u00e7\u00f5es para passar um dia em fam\u00edlia.Predominantemente dominado pela Natureza pura o Parque est\u00e1 constantemente a ser aperfei\u00e7oado tendo em vistas responder as necessidades dos seus visitantes.<\/p>\n\n\n\n<ul class=\"wp-block-gallery columns-2 is-cropped wp-block-gallery-2 is-layout-flex wp-block-gallery-is-layout-flex\"><li class=\"blocks-gallery-item\"><figure><img loading=\"lazy\" decoding=\"async\" width=\"225\" height=\"167\" src=\"http:\/\/www.jfpontagarca.net\/wp-content\/uploads\/2019\/07\/cbeserros-1.jpg\" alt=\"\" data-id=\"266\" data-link=\"http:\/\/www.jfpontagarca.net\/index.php\/reservas-naturais\/cbeserros-1\/\" class=\"wp-image-266\"\/><\/figure><\/li><li class=\"blocks-gallery-item\"><figure><img loading=\"lazy\" decoding=\"async\" width=\"225\" height=\"167\" src=\"http:\/\/www.jfpontagarca.net\/wp-content\/uploads\/2019\/07\/cerrado.jpg\" alt=\"\" data-id=\"267\" data-link=\"http:\/\/www.jfpontagarca.net\/index.php\/reservas-naturais\/cerrado\/\" class=\"wp-image-267\"\/><\/figure><\/li><\/ul>\n","protected":false},"excerpt":{"rendered":"<p>Lagoa do Congro A Lagoa do Congro apresenta uma \u00e1gua verde escura, envolta por um denso arvoredo. Altitude: 420 m;Comprimento m\u00e1ximo: 255 m;Profundidade m\u00e1xima: 6 m;\u00c1rea da Bacia: 0.33 Km\u00b2;Estado Tr\u00f3fico: Eutr\u00f3fico Lagoa dos Nen\u00fafares Lagoa dos Nen\u00fafares , quase totalmente coberta por flores, apresenta uma beleza \u00fanica, merecem uma visita cuidada. Parque Natural do [&hellip;]<\/p>\n","protected":false},"author":2,"featured_media":0,"parent":0,"menu_order":0,"comment_status":"closed","ping_status":"closed","template":"","meta":{"footnotes":""},"class_list":["post-128","page","type-page","status-publish","hentry"],"_links":{"self":[{"href":"https:\/\/www.jfpontagarca.net\/index.php?rest_route=\/wp\/v2\/pages\/128"}],"collection":[{"href":"https:\/\/www.jfpontagarca.net\/index.php?rest_route=\/wp\/v2\/pages"}],"about":[{"href":"https:\/\/www.jfpontagarca.net\/index.php?rest_route=\/wp\/v2\/types\/page"}],"author":[{"embeddable":true,"href":"https:\/\/www.jfpontagarca.net\/index.php?rest_route=\/wp\/v2\/users\/2"}],"replies":[{"embeddable":true,"href":"https:\/\/www.jfpontagarca.net\/index.php?rest_route=%2Fwp%2Fv2%2Fcomments&post=128"}],"version-history":[{"count":3,"href":"https:\/\/www.jfpontagarca.net\/index.php?rest_route=\/wp\/v2\/pages\/128\/revisions"}],"predecessor-version":[{"id":270,"href":"https:\/\/www.jfpontagarca.net\/index.php?rest_route=\/wp\/v2\/pages\/128\/revisions\/270"}],"wp:attachment":[{"href":"https:\/\/www.jfpontagarca.net\/index.php?rest_route=%2Fwp%2Fv2%2Fmedia&parent=128"}],"curies":[{"name":"wp","href":"https:\/\/api.w.org\/{rel}","templated":true}]}}