{"id":122,"date":"2019-07-04T10:29:01","date_gmt":"2019-07-04T10:29:01","guid":{"rendered":"http:\/\/www.jfpontagarca.net\/?page_id=122"},"modified":"2019-07-12T11:41:27","modified_gmt":"2019-07-12T11:41:27","slug":"patrimonio","status":"publish","type":"page","link":"https:\/\/www.jfpontagarca.net\/?page_id=122","title":{"rendered":"Patrim\u00f3nio"},"content":{"rendered":"\n<div class=\"wp-block-image\"><figure class=\"aligncenter\"><img loading=\"lazy\" decoding=\"async\" width=\"554\" height=\"371\" src=\"http:\/\/www.jfpontagarca.net\/wp-content\/uploads\/2019\/07\/image-7.png\" alt=\"\" class=\"wp-image-240\" srcset=\"https:\/\/www.jfpontagarca.net\/wp-content\/uploads\/2019\/07\/image-7.png 554w, https:\/\/www.jfpontagarca.net\/wp-content\/uploads\/2019\/07\/image-7-300x201.png 300w, https:\/\/www.jfpontagarca.net\/wp-content\/uploads\/2019\/07\/image-7-330x220.png 330w\" sizes=\"(max-width: 554px) 100vw, 554px\" \/><figcaption> <strong>Solar Visconde Botelho<\/strong> <\/figcaption><\/figure><\/div>\n\n\n\n<p style=\"text-align:center\">Esta casa senhorial datada do s\u00e9culo XV, possui uma torre constru\u00edda nos anos 40, exemplo de formas medievais para a hist\u00f3rica fam\u00edlia dos Viscondes Botelhos. <br>Acrescenta-se ainda, que esta propriedade possui uma enorme beleza paisag\u00edstica.<br><br><\/p>\n\n\n\n<div class=\"wp-block-image\"><figure class=\"aligncenter\"><img loading=\"lazy\" decoding=\"async\" width=\"554\" height=\"371\" src=\"http:\/\/www.jfpontagarca.net\/wp-content\/uploads\/2019\/07\/image-8.png\" alt=\"\" class=\"wp-image-242\" srcset=\"https:\/\/www.jfpontagarca.net\/wp-content\/uploads\/2019\/07\/image-8.png 554w, https:\/\/www.jfpontagarca.net\/wp-content\/uploads\/2019\/07\/image-8-300x201.png 300w, https:\/\/www.jfpontagarca.net\/wp-content\/uploads\/2019\/07\/image-8-330x220.png 330w\" sizes=\"(max-width: 554px) 100vw, 554px\" \/><figcaption> <strong>Farol<\/strong> <\/figcaption><\/figure><\/div>\n\n\n\n<p style=\"text-align:center\">Considerado como ex-libris, o farol foi constru\u00eddo em 1957, possui uma torre com 14 metros, que serve de guia aos navegantes. A vista panor\u00e2mica sobre o mar, quer sobre a freguesia \u00e9 excelente.<br><br><\/p>\n\n\n\n<div class=\"wp-block-image\"><figure class=\"aligncenter is-resized\"><img loading=\"lazy\" decoding=\"async\" src=\"http:\/\/www.jfpontagarca.net\/wp-content\/uploads\/2019\/07\/image-9.png\" alt=\"\" class=\"wp-image-243\" width=\"469\" height=\"383\" srcset=\"https:\/\/www.jfpontagarca.net\/wp-content\/uploads\/2019\/07\/image-9.png 454w, https:\/\/www.jfpontagarca.net\/wp-content\/uploads\/2019\/07\/image-9-300x245.png 300w\" sizes=\"(max-width: 469px) 100vw, 469px\" \/><figcaption> <strong>Ermida da Senhora das Merc\u00eas<\/strong> <\/figcaption><\/figure><\/div>\n\n\n\n<p style=\"text-align:center\">Esta Ermida situa-se nas Grotas Fundas foi datada no s\u00e9culo XVIII. No seu interior encontra-se um alto relevo dedicado \u00e0 Virgem, oriundo do mesmo s\u00e9culo.<br><br><\/p>\n\n\n\n<div class=\"wp-block-image\"><figure class=\"aligncenter\"><img loading=\"lazy\" decoding=\"async\" width=\"584\" height=\"461\" src=\"http:\/\/www.jfpontagarca.net\/wp-content\/uploads\/2019\/07\/image-10.png\" alt=\"\" class=\"wp-image-244\" srcset=\"https:\/\/www.jfpontagarca.net\/wp-content\/uploads\/2019\/07\/image-10.png 584w, https:\/\/www.jfpontagarca.net\/wp-content\/uploads\/2019\/07\/image-10-300x237.png 300w\" sizes=\"(max-width: 584px) 100vw, 584px\" \/><figcaption>Fontan\u00e1rios<\/figcaption><\/figure><\/div>\n\n\n\n<p style=\"text-align:center\">Ao longo de toda a freguesia existe um numero consider\u00e1vel de Fontan\u00e1rios, hoje em dia j\u00e1 inutiliz\u00e1veis, mas outrora fora de estrema import\u00e2ncia para todas as pessoas da Freguesia.  <br>Os Fontan\u00e1rios em outros tempos foram um palco de muitas perip\u00e9cias. Antigamente as pessoas como n\u00e3o tinham \u00e1gua canalizada em casa, viam-se obrigadas ir aos Fontan\u00e1rios buscar \u00e1gua para as mais diversas necessidades. Essa \u00e1gua era transportada por Talh\u00f5es. Talh\u00f5es esses que normalmente eram transportados pelas mo\u00e7as da freguesia vistos que as m\u00e3es estavam nos afazeres da casa. Enquanto esperavam pela sua vez para encher o Talh\u00e3o aproveitava-se para colocar as conversas em dia (enrredo), os rapazes para namoriscar as raparigas e para alegrar o dia cantava-se. <br><br><\/p>\n\n\n\n<div class=\"wp-block-image\"><figure class=\"aligncenter\"><img loading=\"lazy\" decoding=\"async\" width=\"553\" height=\"553\" src=\"http:\/\/www.jfpontagarca.net\/wp-content\/uploads\/2019\/07\/image-11.png\" alt=\"\" class=\"wp-image-246\" srcset=\"https:\/\/www.jfpontagarca.net\/wp-content\/uploads\/2019\/07\/image-11.png 553w, https:\/\/www.jfpontagarca.net\/wp-content\/uploads\/2019\/07\/image-11-150x150.png 150w, https:\/\/www.jfpontagarca.net\/wp-content\/uploads\/2019\/07\/image-11-300x300.png 300w\" sizes=\"(max-width: 553px) 100vw, 553px\" \/><figcaption><strong>Patrim\u00f3nio &#8211; Igreja de Nossa Senhora da Piedade<\/strong><br> <strong>Igreja de Nossa Senhora da Piedade<\/strong> <\/figcaption><\/figure><\/div>\n\n\n\n<p style=\"text-align:center\">Este templo datado no s\u00e9culo XV foi dedicado \u00e0 Nossa Senhor Da Piedade que com o filho morto, Nossa Senhora carregou-o nos bra\u00e7os e juntamente com os disc\u00edpulos levou-o at\u00e9 ao sepulcro.  <br>No seu interior, d\u00e1-se relev\u00e2ncia \u00e0s talhas dos altares do sant\u00edssimo sacramento e de Santo Ant\u00f3nio datadas dos s\u00e9culos XVII e XIII.  Nos seus vitrais est\u00e3o datados o s\u00e9culo XX, e est\u00e3o representados os dons o Esp\u00edrito Santo, e a cria\u00e7\u00e3o do Mundo entre outros. <br> No seu exterior, a igreja possui um carrilh\u00e3o, composto por vinte e um sinos, \u00fanico em toda a Regi\u00e3o Aut\u00f3noma dos A\u00e7ores. <br><br><\/p>\n","protected":false},"excerpt":{"rendered":"<p>Esta casa senhorial datada do s\u00e9culo XV, possui uma torre constru\u00edda nos anos 40, exemplo de formas medievais para a hist\u00f3rica fam\u00edlia dos Viscondes Botelhos. Acrescenta-se ainda, que esta propriedade possui uma enorme beleza paisag\u00edstica. Considerado como ex-libris, o farol foi constru\u00eddo em 1957, possui uma torre com 14 metros, que serve de guia aos [&hellip;]<\/p>\n","protected":false},"author":2,"featured_media":0,"parent":0,"menu_order":0,"comment_status":"closed","ping_status":"closed","template":"","meta":{"footnotes":""},"class_list":["post-122","page","type-page","status-publish","hentry"],"_links":{"self":[{"href":"https:\/\/www.jfpontagarca.net\/index.php?rest_route=\/wp\/v2\/pages\/122"}],"collection":[{"href":"https:\/\/www.jfpontagarca.net\/index.php?rest_route=\/wp\/v2\/pages"}],"about":[{"href":"https:\/\/www.jfpontagarca.net\/index.php?rest_route=\/wp\/v2\/types\/page"}],"author":[{"embeddable":true,"href":"https:\/\/www.jfpontagarca.net\/index.php?rest_route=\/wp\/v2\/users\/2"}],"replies":[{"embeddable":true,"href":"https:\/\/www.jfpontagarca.net\/index.php?rest_route=%2Fwp%2Fv2%2Fcomments&post=122"}],"version-history":[{"count":8,"href":"https:\/\/www.jfpontagarca.net\/index.php?rest_route=\/wp\/v2\/pages\/122\/revisions"}],"predecessor-version":[{"id":256,"href":"https:\/\/www.jfpontagarca.net\/index.php?rest_route=\/wp\/v2\/pages\/122\/revisions\/256"}],"wp:attachment":[{"href":"https:\/\/www.jfpontagarca.net\/index.php?rest_route=%2Fwp%2Fv2%2Fmedia&parent=122"}],"curies":[{"name":"wp","href":"https:\/\/api.w.org\/{rel}","templated":true}]}}