{"id":119,"date":"2019-07-04T10:27:27","date_gmt":"2019-07-04T10:27:27","guid":{"rendered":"http:\/\/www.jfpontagarca.net\/?page_id=119"},"modified":"2019-07-12T11:26:56","modified_gmt":"2019-07-12T11:26:56","slug":"festividades","status":"publish","type":"page","link":"https:\/\/www.jfpontagarca.net\/?page_id=119","title":{"rendered":"Festividades"},"content":{"rendered":"\n<div class=\"wp-block-image\"><figure class=\"aligncenter is-resized\"><img loading=\"lazy\" decoding=\"async\" src=\"http:\/\/www.jfpontagarca.net\/wp-content\/uploads\/2019\/07\/image.png\" alt=\"\" class=\"wp-image-230\" width=\"190\" height=\"165\"\/><\/figure><\/div>\n\n\n\n<p style=\"text-align:center\">Prociss\u00e3o do Senhor dos Passos &#8211; Esta prociss\u00e3o realiza-se 15 dias antes da P\u00e1scoa.   <\/p>\n\n\n\n<div class=\"wp-block-image\"><figure class=\"aligncenter is-resized\"><img loading=\"lazy\" decoding=\"async\" src=\"http:\/\/www.jfpontagarca.net\/wp-content\/uploads\/2019\/07\/image-1.png\" alt=\"\" class=\"wp-image-232\" width=\"197\" height=\"171\"\/><\/figure><\/div>\n\n\n\n<p style=\"text-align:center\"> Prociss\u00e3o Do Senhor dos Enfermos &#8211; Esta realiza-se duas vezes, uma no Domingo de P\u00e1scoa e outro na Pascoela. <\/p>\n\n\n\n<div class=\"wp-block-image\"><figure class=\"aligncenter is-resized\"><img loading=\"lazy\" decoding=\"async\" src=\"http:\/\/www.jfpontagarca.net\/wp-content\/uploads\/2019\/07\/image-2.png\" alt=\"\" class=\"wp-image-233\" width=\"214\" height=\"186\"\/><\/figure><\/div>\n\n\n\n<p style=\"text-align:center\">\n\n\n\n\n\n\n\n\n\n\n\n\n\n\n\n\nImp\u00e9rio Do Divino Esp\u00edrito &#8211; Ciclo de Pentecostes\nat\u00e9 2 \u00ba semana de Julho.\n\n\n\n<\/p>\n\n\n\n<div class=\"wp-block-image\"><figure class=\"aligncenter is-resized\"><img loading=\"lazy\" decoding=\"async\" src=\"http:\/\/www.jfpontagarca.net\/wp-content\/uploads\/2019\/07\/image-3.png\" alt=\"\" class=\"wp-image-234\" width=\"209\" height=\"182\"\/><\/figure><\/div>\n\n\n\n<p style=\"text-align:center\"> Festas de Nossa Senhora Da Piedade &#8211; Estas festas tem lugar na primeira semana do m\u00eas de gosto. <\/p>\n\n\n\n<div class=\"wp-block-image\"><figure class=\"aligncenter is-resized\"><img loading=\"lazy\" decoding=\"async\" src=\"http:\/\/www.jfpontagarca.net\/wp-content\/uploads\/2019\/07\/image-4.png\" alt=\"\" class=\"wp-image-235\" width=\"205\" height=\"178\"\/><\/figure><\/div>\n\n\n\n<p style=\"text-align:center\">\n\n\n\n\n\n\n\n\n\n\n\n\n\n\n\n\nDia da Freguesia &#8211; O dia dedicado \u00e0 freguesia \u00e9\nfestejado no 2\u00ba Domingo de Agosto.\n\n\n\n<\/p>\n\n\n\n<div class=\"wp-block-image\"><figure class=\"aligncenter is-resized\"><img loading=\"lazy\" decoding=\"async\" src=\"http:\/\/www.jfpontagarca.net\/wp-content\/uploads\/2019\/07\/image-6.png\" alt=\"\" class=\"wp-image-237\" width=\"203\" height=\"177\"\/><\/figure><\/div>\n\n\n\n<p style=\"text-align:center\">\n\n\n\n\n\n\n\n\n\n\n\n\n\n\n\n\nFesta Cristo Rei &#8211; No quarto Domingo de Novembro \u00e9\ncelebrado a festa de Cristo Rei.\n\n\n\n<\/p>\n","protected":false},"excerpt":{"rendered":"<p>Prociss\u00e3o do Senhor dos Passos &#8211; Esta prociss\u00e3o realiza-se 15 dias antes da P\u00e1scoa. Prociss\u00e3o Do Senhor dos Enfermos &#8211; Esta realiza-se duas vezes, uma no Domingo de P\u00e1scoa e outro na Pascoela. Imp\u00e9rio Do Divino Esp\u00edrito &#8211; Ciclo de Pentecostes at\u00e9 2 \u00ba semana de Julho. Festas de Nossa Senhora Da Piedade &#8211; Estas [&hellip;]<\/p>\n","protected":false},"author":2,"featured_media":0,"parent":0,"menu_order":0,"comment_status":"closed","ping_status":"closed","template":"","meta":{"footnotes":""},"class_list":["post-119","page","type-page","status-publish","hentry"],"_links":{"self":[{"href":"https:\/\/www.jfpontagarca.net\/index.php?rest_route=\/wp\/v2\/pages\/119"}],"collection":[{"href":"https:\/\/www.jfpontagarca.net\/index.php?rest_route=\/wp\/v2\/pages"}],"about":[{"href":"https:\/\/www.jfpontagarca.net\/index.php?rest_route=\/wp\/v2\/types\/page"}],"author":[{"embeddable":true,"href":"https:\/\/www.jfpontagarca.net\/index.php?rest_route=\/wp\/v2\/users\/2"}],"replies":[{"embeddable":true,"href":"https:\/\/www.jfpontagarca.net\/index.php?rest_route=%2Fwp%2Fv2%2Fcomments&post=119"}],"version-history":[{"count":3,"href":"https:\/\/www.jfpontagarca.net\/index.php?rest_route=\/wp\/v2\/pages\/119\/revisions"}],"predecessor-version":[{"id":239,"href":"https:\/\/www.jfpontagarca.net\/index.php?rest_route=\/wp\/v2\/pages\/119\/revisions\/239"}],"wp:attachment":[{"href":"https:\/\/www.jfpontagarca.net\/index.php?rest_route=%2Fwp%2Fv2%2Fmedia&parent=119"}],"curies":[{"name":"wp","href":"https:\/\/api.w.org\/{rel}","templated":true}]}}