{"id":107,"date":"2019-07-04T10:16:53","date_gmt":"2019-07-04T10:16:53","guid":{"rendered":"http:\/\/www.jfpontagarca.net\/?page_id=107"},"modified":"2023-05-30T11:29:25","modified_gmt":"2023-05-30T11:29:25","slug":"servicos","status":"publish","type":"page","link":"https:\/\/www.jfpontagarca.net\/?page_id=107","title":{"rendered":"Servi\u00e7os"},"content":{"rendered":"\n<p><strong>Hor\u00e1rio de funcionamento:<\/strong><\/p>\n\n\n\n<p>Atendimento Geral &#8211; Segunda a Sexta das 9h \u00e0s 17h00.<\/p>\n\n\n\n<p>Atendimento noturno &#8211; Quartas feiras das 18h30 \u00e0s 19h30h.<\/p>\n\n\n\n<p>Morada: Rua Padre Jos\u00e9 Greg\u00f3rio de Amaral, n\u00ba 6 e 8<\/p>\n\n\n\n<p>C\u00f3digo Postal: 9680-465, Ponta Gar\u00e7a.<\/p>\n\n\n\n<p>Telefone: 296 587 330.<\/p>\n\n\n\n<p>Email:&nbsp;<a href=\"mailto:jfpontagarca@gmail.com\">jfpontagarca@gmail.com<\/a><\/p>\n\n\n\n<p><br><strong>Alguns dos servi\u00e7os prestados pela Junta de Freguesia:<\/strong><\/p>\n\n\n\n<p>&#8211; V\u00e1rios tipos de atestados e declara\u00e7\u00f5es;<\/p>\n\n\n\n<p>&#8211; Comprova\u00e7\u00e3o de documentos diversos;<\/p>\n\n\n\n<p>&#8211; Elabora\u00e7\u00e3o de processos de habita\u00e7\u00e3o;<\/p>\n\n\n\n<p>&#8211; Presta\u00e7\u00e3o de informa\u00e7\u00e3o diversa e encaminhamento da mesma;<\/p>\n\n\n\n<p>&#8211; Recenseamento eleitoral: inscri\u00e7\u00f5es, transfer\u00eancias, \u00f3bitos.<\/p>\n","protected":false},"excerpt":{"rendered":"<p>Hor\u00e1rio de funcionamento: Atendimento Geral &#8211; Segunda a Sexta das 9h \u00e0s 17h00. Atendimento noturno &#8211; Quartas feiras das 18h30 \u00e0s 19h30h. Morada: Rua Padre Jos\u00e9 Greg\u00f3rio de Amaral, n\u00ba 6 e 8 C\u00f3digo Postal: 9680-465, Ponta Gar\u00e7a. Telefone: 296 587 330. Email:&nbsp;jfpontagarca@gmail.com Alguns dos servi\u00e7os prestados pela Junta de Freguesia: &#8211; V\u00e1rios tipos de [&hellip;]<\/p>\n","protected":false},"author":2,"featured_media":0,"parent":0,"menu_order":0,"comment_status":"closed","ping_status":"closed","template":"","meta":{"footnotes":""},"class_list":["post-107","page","type-page","status-publish","hentry"],"_links":{"self":[{"href":"https:\/\/www.jfpontagarca.net\/index.php?rest_route=\/wp\/v2\/pages\/107"}],"collection":[{"href":"https:\/\/www.jfpontagarca.net\/index.php?rest_route=\/wp\/v2\/pages"}],"about":[{"href":"https:\/\/www.jfpontagarca.net\/index.php?rest_route=\/wp\/v2\/types\/page"}],"author":[{"embeddable":true,"href":"https:\/\/www.jfpontagarca.net\/index.php?rest_route=\/wp\/v2\/users\/2"}],"replies":[{"embeddable":true,"href":"https:\/\/www.jfpontagarca.net\/index.php?rest_route=%2Fwp%2Fv2%2Fcomments&post=107"}],"version-history":[{"count":4,"href":"https:\/\/www.jfpontagarca.net\/index.php?rest_route=\/wp\/v2\/pages\/107\/revisions"}],"predecessor-version":[{"id":395,"href":"https:\/\/www.jfpontagarca.net\/index.php?rest_route=\/wp\/v2\/pages\/107\/revisions\/395"}],"wp:attachment":[{"href":"https:\/\/www.jfpontagarca.net\/index.php?rest_route=%2Fwp%2Fv2%2Fmedia&parent=107"}],"curies":[{"name":"wp","href":"https:\/\/api.w.org\/{rel}","templated":true}]}}