{"id":104,"date":"2019-07-04T10:11:53","date_gmt":"2019-07-04T10:11:53","guid":{"rendered":"http:\/\/www.jfpontagarca.net\/?page_id=104"},"modified":"2025-11-18T10:57:30","modified_gmt":"2025-11-18T10:57:30","slug":"organica","status":"publish","type":"page","link":"https:\/\/www.jfpontagarca.net\/?page_id=104","title":{"rendered":"Org\u00e2nica"},"content":{"rendered":"\n<p class=\"has-medium-font-size\"><strong>Executivo&nbsp;<\/strong><\/p>\n\n\n\n<p><strong>Presidente<\/strong><br>Oct\u00e1vio Jos\u00e9 Raposo Andrade<br><br>S<strong>ecret\u00e1ri<\/strong>a<br> Iola Margarida Correia de Medeiros Braga<br> T<strong>esoureiro<\/strong><br>H\u00e9lder Filipe Pacheco Gouveia<\/p>\n\n\n\n<p><br><strong>Assembleia de Freguesia&nbsp;<\/strong><\/p>\n\n\n\n<p><strong>Presidente<\/strong><br>Jos\u00e9 Manuel Medeiros Pacheco<\/p>\n\n\n\n<p><br><strong>1\u00aa Secret\u00e1ri<\/strong>a<br>S\u00f3nia de F\u00e1tima Correia Frias Silva<br><strong>2\u00aa Secret\u00e1ri<\/strong>o<br>\u00a0Jo\u00e3o Paulo Cabral Furtado<\/p>\n\n\n\n<p><br><strong>Vogal<\/strong><br>Vogal: Elisabete de F\u00e1tima Mendon\u00e7a Furtado<br>Vogal: Carla Patr\u00edcia Costa Roias<br>Vogal: Duarte Manuel Tavares Cabral<br>Vogal: Brian Jos\u00e9 Guerreiro<br>Vogal: Xavier Rui Sousa<br>Vogal: Ana Isabel Vieira Cimbron<\/p>\n\n\n\n<p><br><\/p>\n\n\n\n<p><br><\/p>\n","protected":false},"excerpt":{"rendered":"<p>Executivo&nbsp; PresidenteOct\u00e1vio Jos\u00e9 Raposo Andrade Secret\u00e1ria Iola Margarida Correia de Medeiros Braga TesoureiroH\u00e9lder Filipe Pacheco Gouveia Assembleia de Freguesia&nbsp; PresidenteJos\u00e9 Manuel Medeiros Pacheco 1\u00aa Secret\u00e1riaS\u00f3nia de F\u00e1tima Correia Frias Silva2\u00aa Secret\u00e1rio\u00a0Jo\u00e3o Paulo Cabral Furtado VogalVogal: Elisabete de F\u00e1tima Mendon\u00e7a FurtadoVogal: Carla Patr\u00edcia Costa RoiasVogal: Duarte Manuel Tavares CabralVogal: Brian Jos\u00e9 GuerreiroVogal: Xavier Rui SousaVogal: Ana [&hellip;]<\/p>\n","protected":false},"author":2,"featured_media":0,"parent":0,"menu_order":0,"comment_status":"closed","ping_status":"closed","template":"","meta":{"footnotes":""},"class_list":["post-104","page","type-page","status-publish","hentry"],"_links":{"self":[{"href":"https:\/\/www.jfpontagarca.net\/index.php?rest_route=\/wp\/v2\/pages\/104"}],"collection":[{"href":"https:\/\/www.jfpontagarca.net\/index.php?rest_route=\/wp\/v2\/pages"}],"about":[{"href":"https:\/\/www.jfpontagarca.net\/index.php?rest_route=\/wp\/v2\/types\/page"}],"author":[{"embeddable":true,"href":"https:\/\/www.jfpontagarca.net\/index.php?rest_route=\/wp\/v2\/users\/2"}],"replies":[{"embeddable":true,"href":"https:\/\/www.jfpontagarca.net\/index.php?rest_route=%2Fwp%2Fv2%2Fcomments&post=104"}],"version-history":[{"count":7,"href":"https:\/\/www.jfpontagarca.net\/index.php?rest_route=\/wp\/v2\/pages\/104\/revisions"}],"predecessor-version":[{"id":443,"href":"https:\/\/www.jfpontagarca.net\/index.php?rest_route=\/wp\/v2\/pages\/104\/revisions\/443"}],"wp:attachment":[{"href":"https:\/\/www.jfpontagarca.net\/index.php?rest_route=%2Fwp%2Fv2%2Fmedia&parent=104"}],"curies":[{"name":"wp","href":"https:\/\/api.w.org\/{rel}","templated":true}]}}