{"id":101,"date":"2019-07-04T10:08:40","date_gmt":"2019-07-04T10:08:40","guid":{"rendered":"http:\/\/www.jfpontagarca.net\/?page_id=101"},"modified":"2019-07-11T10:33:00","modified_gmt":"2019-07-11T10:33:00","slug":"heraldica","status":"publish","type":"page","link":"https:\/\/www.jfpontagarca.net\/?page_id=101","title":{"rendered":"Her\u00e1ldica"},"content":{"rendered":"\n<div class=\"wp-block-image\"><figure class=\"aligncenter\"><img loading=\"lazy\" decoding=\"async\" width=\"202\" height=\"223\" src=\"http:\/\/www.jfpontagarca.net\/wp-content\/uploads\/2019\/06\/logo_pg.png\" alt=\"Junta de Freguesia de Ponta Gar\u00e7a\" class=\"wp-image-8\"\/><\/figure><\/div>\n\n\n<p style=\"text-align: center;\">O nosso Bras\u00e3o \u00e9 constitu\u00eddo por um escudo de azul; um farol de prata ilumindado de ouro, com lanterna de vermelho; em chefe, uma balan\u00e7a de prata, com os pratos de ouro, tendo sobreposta uma espada empunhada de ouro, com l\u00e2mina flamejante de prata; e gar\u00e7a de parta bicada e sancada de ouro e animada de vermelho. Neste ainda pode observar-se uma coroa mural de prata de tr\u00eas torres e um listel branco, com legenda a negro.<\/p>\n<p><!-- \/wp:paragraph --><\/p>","protected":false},"excerpt":{"rendered":"<p>O nosso Bras\u00e3o \u00e9 constitu\u00eddo por um escudo de azul; um farol de prata ilumindado de ouro, com lanterna de vermelho; em chefe, uma balan\u00e7a de prata, com os pratos de ouro, tendo sobreposta uma espada empunhada de ouro, com l\u00e2mina flamejante de prata; e gar\u00e7a de parta bicada e sancada de ouro e animada [&hellip;]<\/p>\n","protected":false},"author":2,"featured_media":0,"parent":0,"menu_order":0,"comment_status":"closed","ping_status":"closed","template":"","meta":{"footnotes":""},"class_list":["post-101","page","type-page","status-publish","hentry"],"_links":{"self":[{"href":"https:\/\/www.jfpontagarca.net\/index.php?rest_route=\/wp\/v2\/pages\/101"}],"collection":[{"href":"https:\/\/www.jfpontagarca.net\/index.php?rest_route=\/wp\/v2\/pages"}],"about":[{"href":"https:\/\/www.jfpontagarca.net\/index.php?rest_route=\/wp\/v2\/types\/page"}],"author":[{"embeddable":true,"href":"https:\/\/www.jfpontagarca.net\/index.php?rest_route=\/wp\/v2\/users\/2"}],"replies":[{"embeddable":true,"href":"https:\/\/www.jfpontagarca.net\/index.php?rest_route=%2Fwp%2Fv2%2Fcomments&post=101"}],"version-history":[{"count":6,"href":"https:\/\/www.jfpontagarca.net\/index.php?rest_route=\/wp\/v2\/pages\/101\/revisions"}],"predecessor-version":[{"id":159,"href":"https:\/\/www.jfpontagarca.net\/index.php?rest_route=\/wp\/v2\/pages\/101\/revisions\/159"}],"wp:attachment":[{"href":"https:\/\/www.jfpontagarca.net\/index.php?rest_route=%2Fwp%2Fv2%2Fmedia&parent=101"}],"curies":[{"name":"wp","href":"https:\/\/api.w.org\/{rel}","templated":true}]}}