{"id":116,"date":"2019-07-04T10:24:15","date_gmt":"2019-07-04T10:24:15","guid":{"rendered":"http:\/\/www.jfpontagarca.net\/?page_id=116"},"modified":"2023-03-03T12:11:25","modified_gmt":"2023-03-03T12:11:25","slug":"atas","status":"publish","type":"page","link":"http:\/\/www.jfpontagarca.net\/?page_id=116","title":{"rendered":"Atas da Junta de Freguesia"},"content":{"rendered":"\n<div class=\"wp-block-file\"><a href=\"http:\/\/www.jfpontagarca.net\/wp-content\/uploads\/2019\/07\/ATA_APROVACAO_ORCAMENTO_2019_compressed.pdf\" target=\"_blank\" rel=\"noreferrer noopener\">Ata de Aprova\u00e7\u00e3o de contas 2019<\/a><\/div>\n\n\n\n<div class=\"wp-block-file\"><a href=\"http:\/\/www.jfpontagarca.net\/wp-content\/uploads\/2019\/07\/ATA_APROVACAO_ORCAMENTO_2018_compressed.pdf\" target=\"_blank\" rel=\"noreferrer noopener\">Ata de Aprova\u00e7\u00e3o de Contas 2018<\/a><\/div>\n\n\n\n<div class=\"wp-block-file\"><a href=\"http:\/\/www.jfpontagarca.net\/wp-content\/uploads\/2019\/07\/ata_aprovacao_orcamento2017_compressed.pdf\" target=\"_blank\" rel=\"noreferrer noopener\">Ata de Aprova\u00e7\u00e3o de Or\u00e7amento 2017<\/a><\/div>\n\n\n\n<div class=\"wp-block-file\"><a href=\"http:\/\/www.jfpontagarca.net\/wp-content\/uploads\/2019\/07\/Ata-da-Reuni\u00e3o-Ordin\u00e1ria-2016.pdf\" target=\"_blank\" rel=\"noreferrer noopener\">Ata de Reuni\u00e3o Ordin\u00e1ria 21\/04\/2016<\/a><\/div>\n\n\n\n<div class=\"wp-block-file\"><a href=\"http:\/\/www.jfpontagarca.net\/wp-content\/uploads\/2019\/07\/ata_da_junta_aprovacao_orcamento_2016.pdf\" target=\"_blank\" rel=\"noreferrer noopener\">Ata de Aprova\u00e7\u00e3o de Or\u00e7amento 2016<\/a><\/div>\n\n\n\n<div class=\"wp-block-file\"><a href=\"http:\/\/www.jfpontagarca.net\/wp-content\/uploads\/2019\/07\/ata_junta_aprocacao_contas_2016.pdf\" target=\"_blank\" rel=\"noreferrer noopener\">Ata de aprova\u00e7\u00e3o de Contas 2016<\/a><\/div>\n\n\n\n<p><a rel=\"noreferrer noopener\" href=\"http:\/\/www.jfpontagarca.net\/wp-content\/uploads\/2022\/02\/ata-do-dia-8-de-fev.pdf\" target=\"_blank\">Ata de Apresenta\u00e7\u00e3o de Candidatura ao PRORURAL +<\/a><\/p>\n\n\n\n<p><a href=\"http:\/\/www.jfpontagarca.net\/wp-content\/uploads\/2022\/02\/ata-alteracao-modificativa-c-anexos.pdf\" target=\"_blank\" rel=\"noreferrer noopener\">Ata da Altera\u00e7\u00e3o Modificativa Or\u00e7amental <\/a><\/p>\n","protected":false},"excerpt":{"rendered":"<p>Ata de Apresenta\u00e7\u00e3o de Candidatura ao PRORURAL + Ata da Altera\u00e7\u00e3o Modificativa Or\u00e7amental<\/p>\n","protected":false},"author":2,"featured_media":0,"parent":0,"menu_order":0,"comment_status":"closed","ping_status":"closed","template":"","meta":{"footnotes":""},"class_list":["post-116","page","type-page","status-publish","hentry"],"_links":{"self":[{"href":"http:\/\/www.jfpontagarca.net\/index.php?rest_route=\/wp\/v2\/pages\/116"}],"collection":[{"href":"http:\/\/www.jfpontagarca.net\/index.php?rest_route=\/wp\/v2\/pages"}],"about":[{"href":"http:\/\/www.jfpontagarca.net\/index.php?rest_route=\/wp\/v2\/types\/page"}],"author":[{"embeddable":true,"href":"http:\/\/www.jfpontagarca.net\/index.php?rest_route=\/wp\/v2\/users\/2"}],"replies":[{"embeddable":true,"href":"http:\/\/www.jfpontagarca.net\/index.php?rest_route=%2Fwp%2Fv2%2Fcomments&post=116"}],"version-history":[{"count":5,"href":"http:\/\/www.jfpontagarca.net\/index.php?rest_route=\/wp\/v2\/pages\/116\/revisions"}],"predecessor-version":[{"id":384,"href":"http:\/\/www.jfpontagarca.net\/index.php?rest_route=\/wp\/v2\/pages\/116\/revisions\/384"}],"wp:attachment":[{"href":"http:\/\/www.jfpontagarca.net\/index.php?rest_route=%2Fwp%2Fv2%2Fmedia&parent=116"}],"curies":[{"name":"wp","href":"https:\/\/api.w.org\/{rel}","templated":true}]}}