{"id":110,"date":"2019-07-04T10:21:16","date_gmt":"2019-07-04T10:21:16","guid":{"rendered":"http:\/\/www.jfpontagarca.net\/?page_id=110"},"modified":"2025-12-16T16:32:47","modified_gmt":"2025-12-16T16:32:47","slug":"situacao-financeira","status":"publish","type":"page","link":"http:\/\/www.jfpontagarca.net\/?page_id=110","title":{"rendered":"Situa\u00e7\u00e3o Financeira"},"content":{"rendered":"\n<p class=\"has-medium-font-size\"><strong>Or\u00e7amentos<\/strong><\/p>\n\n\n\n<p><a href=\"http:\/\/www.jfpontagarca.net\/wp-content\/uploads\/2025\/12\/orcamento-2026.pdf\" target=\"_blank\" rel=\"noreferrer noopener\">Or\u00e7amento 2026<\/a><\/p>\n\n\n\n<p><a href=\"http:\/\/www.jfpontagarca.net\/wp-content\/uploads\/2024\/12\/orcamento-2025.pdf\" target=\"_blank\" rel=\"noreferrer noopener\">Or\u00e7amento 2025<\/a><\/p>\n\n\n\n<p><a href=\"http:\/\/www.jfpontagarca.net\/wp-content\/uploads\/2024\/01\/SBH-C224E-J23121813520.pdf\" target=\"_blank\" rel=\"noreferrer noopener\">Or\u00e7amento 2024<\/a><\/p>\n\n\n\n<p><a rel=\"noreferrer noopener\" href=\"http:\/\/www.jfpontagarca.net\/wp-content\/uploads\/2023\/01\/orcamento.2023.pdf\" target=\"_blank\">Or\u00e7amento 2023<\/a><\/p>\n\n\n\n<p><a href=\"http:\/\/www.jfpontagarca.net\/wp-content\/uploads\/2021\/12\/orcamento-2022.pdf\" target=\"_blank\" rel=\"noreferrer noopener\">Or\u00e7amento 2022<\/a><\/p>\n\n\n\n<p><a href=\"http:\/\/www.jfpontagarca.net\/wp-content\/uploads\/2021\/01\/orcamento2021.pdf\" data-type=\"URL\" data-id=\"http:\/\/www.jfpontagarca.net\/wp-content\/uploads\/2021\/01\/orcamento2021.pdf\" target=\"_blank\" rel=\"noreferrer noopener\">Or\u00e7amento 2021<\/a><\/p>\n\n\n\n<div class=\"wp-block-file\"><a href=\"http:\/\/www.jfpontagarca.net\/wp-content\/uploads\/2020\/01\/Or\u00e7amento-2020-copia_compressed.pdf\" target=\"_blank\" rel=\"noreferrer noopener\">Or\u00e7amento 2020 <\/a><\/div>\n\n\n\n<div class=\"wp-block-file\"><a href=\"http:\/\/www.jfpontagarca.net\/wp-content\/uploads\/2019\/07\/orcamento2019.pdf\" target=\"_blank\" rel=\"noreferrer noopener\">Or\u00e7amento 2019<\/a><\/div>\n\n\n\n<div class=\"wp-block-file\"><a href=\"http:\/\/www.jfpontagarca.net\/wp-content\/uploads\/2019\/07\/orcamento2018.pdf\" target=\"_blank\" rel=\"noreferrer noopener\">Or\u00e7amento 2018<\/a><\/div>\n\n\n\n<div class=\"wp-block-file\"><a href=\"http:\/\/www.jfpontagarca.net\/wp-content\/uploads\/2019\/07\/orcamento2016.pdf\" target=\"_blank\" rel=\"noreferrer noopener\">Or\u00e7amento 2016<\/a><\/div>\n\n\n\n<div class=\"wp-block-file\"><a href=\"http:\/\/www.jfpontagarca.net\/wp-content\/uploads\/2019\/07\/orcamento2015.pdf\" target=\"_blank\" rel=\"noreferrer noopener\">Or\u00e7amento 2015<\/a><\/div>\n\n\n\n<div class=\"wp-block-file\"><a href=\"http:\/\/www.jfpontagarca.net\/wp-content\/uploads\/2019\/07\/orcamento2014.pdf\" target=\"_blank\" rel=\"noreferrer noopener\">Or\u00e7amento 2014<\/a><\/div>\n\n\n\n<div class=\"wp-block-file\"><a href=\"http:\/\/www.jfpontagarca.net\/wp-content\/uploads\/2019\/07\/orcamento2013.pdf\" target=\"_blank\" rel=\"noreferrer noopener\">Or\u00e7amento 2013<\/a><\/div>\n\n\n\n<div class=\"wp-block-file\"><a href=\"http:\/\/www.jfpontagarca.net\/wp-content\/uploads\/2019\/07\/orcamento2012.pdf\" target=\"_blank\" rel=\"noreferrer noopener\">Or\u00e7amento 2012<\/a><\/div>\n\n\n\n<div class=\"wp-block-file\"><a href=\"http:\/\/www.jfpontagarca.net\/wp-content\/uploads\/2019\/07\/orcamento2011.pdf\" target=\"_blank\" rel=\"noreferrer noopener\">Or\u00e7amento 2011<\/a><\/div>\n\n\n\n<div class=\"wp-block-file\"><a href=\"http:\/\/www.jfpontagarca.net\/wp-content\/uploads\/2019\/07\/orcamento2010.pdf\" target=\"_blank\" rel=\"noreferrer noopener\">Or\u00e7amento 2010<\/a><\/div>\n\n\n\n<p class=\"has-medium-font-size\"><strong>Contas Intercalares<\/strong><\/p>\n\n\n\n<div class=\"wp-block-file\"><a href=\"http:\/\/www.jfpontagarca.net\/wp-content\/uploads\/2019\/07\/FECHO_INTERCALAR_2017_compressed.pdf\" target=\"_blank\" rel=\"noreferrer noopener\">Fecho Intercalar de contas 2017 <\/a><\/div>\n\n\n\n<p class=\"has-medium-font-size\"><strong>Relat\u00f3rio de gest\u00e3o&nbsp;<\/strong><\/p>\n\n\n\n<p><\/p>\n\n\n\n<p><a href=\"http:\/\/www.jfpontagarca.net\/wp-content\/uploads\/2025\/12\/fecho-de-contas-intercalares-.pdf\" target=\"_blank\" rel=\"noreferrer noopener\">Fecho de Contas Intercalares 2025<\/a><\/p>\n\n\n\n<p><a href=\"http:\/\/www.jfpontagarca.net\/wp-content\/uploads\/2025\/05\/contas2024.pdf\" target=\"_blank\" rel=\"noreferrer noopener\">Relat\u00f3rio de Gest\u00e3o 2024<\/a><\/p>\n\n\n\n<p><a href=\"http:\/\/www.jfpontagarca.net\/wp-content\/uploads\/2024\/05\/FECHO-DE-CONTAS-2023.pdf\" target=\"_blank\" rel=\"noreferrer noopener\">Relat\u00f3rio de Gest\u00e3o 2023<\/a><\/p>\n\n\n\n<p><a rel=\"noreferrer noopener\" href=\"http:\/\/www.jfpontagarca.net\/wp-content\/uploads\/2023\/05\/Relatorio-Gestao-2022.pdf\" target=\"_blank\">Relat\u00f3rio de Gest\u00e3o 2022<\/a><\/p>\n\n\n\n<p><a href=\"http:\/\/www.jfpontagarca.net\/wp-content\/uploads\/2022\/05\/Mapas-de-prestacao-de-contas-de-2021.pdf\" target=\"_blank\" rel=\"noreferrer noopener\">Relat\u00f3rio de Gest\u00e3o 2021<\/a><\/p>\n\n\n\n<p><a href=\"http:\/\/www.jfpontagarca.net\/wp-content\/uploads\/2021\/05\/prestacao-de-contas-2020.pdf\" data-type=\"URL\" data-id=\"http:\/\/www.jfpontagarca.net\/wp-content\/uploads\/2021\/05\/prestacao-de-contas-2020.pdf\" target=\"_blank\" rel=\"noreferrer noopener\">Relat\u00f3rio de Gest\u00e3o 2020<\/a><\/p>\n\n\n\n<div class=\"wp-block-file\"><a href=\"http:\/\/www.jfpontagarca.net\/wp-content\/uploads\/2020\/07\/contas2019.pdf\" target=\"_blank\" rel=\"noreferrer noopener\">Relat\u00f3rio de Gest\u00e3o 2019<\/a><\/div>\n\n\n\n<div class=\"wp-block-file\"><a href=\"http:\/\/www.jfpontagarca.net\/wp-content\/uploads\/2019\/07\/relatorio_gestao_2018.pdf\" target=\"_blank\" rel=\"noreferrer noopener\">Relat\u00f3rio de Gest\u00e3o 2018<\/a><\/div>\n\n\n\n<div class=\"wp-block-file\"><a href=\"http:\/\/www.jfpontagarca.net\/wp-content\/uploads\/2019\/07\/relatorio_gestao_2017.pdf\" target=\"_blank\" rel=\"noreferrer noopener\">Relat\u00f3rio de Gest\u00e3o 2017<\/a><\/div>\n\n\n\n<div class=\"wp-block-file\"><a href=\"http:\/\/www.jfpontagarca.net\/wp-content\/uploads\/2019\/07\/relatorio_gestao_2016.pdf\" target=\"_blank\" rel=\"noreferrer noopener\">Relat\u00f3rio de Gest\u00e3o 2016<\/a><\/div>\n\n\n\n<div class=\"wp-block-file\"><a href=\"http:\/\/www.jfpontagarca.net\/wp-content\/uploads\/2019\/07\/relatorio_gestao_2015_compressed.pdf\" target=\"_blank\" rel=\"noreferrer noopener\">Relat\u00f3rio de Gest\u00e3o 2015<\/a><\/div>\n\n\n\n<div class=\"wp-block-file\"><a href=\"http:\/\/www.jfpontagarca.net\/wp-content\/uploads\/2019\/07\/relatorio_gestao_2014_compressed.pdf\" target=\"_blank\" rel=\"noreferrer noopener\">Relat\u00f3rio de Gest\u00e3o 2014<\/a><\/div>\n\n\n\n<div class=\"wp-block-file\"><a href=\"http:\/\/www.jfpontagarca.net\/index.php\/situacao-financeira\/relatorio_gestao_2013\/\" target=\"_blank\" rel=\"noreferrer noopener\">Relat\u00f3rio de Gest\u00e3o 2013<\/a><\/div>\n\n\n\n<p class=\"has-medium-font-size\"><strong>Taxas e Licen\u00e7as<\/strong><\/p>\n\n\n\n<div class=\"wp-block-file\"><a href=\"http:\/\/www.jfpontagarca.net\/wp-content\/uploads\/2019\/07\/Regulamento-e-tabela-de-taxas-e-licen\u00e7as_compressed.pdf\" target=\"_blank\" rel=\"noreferrer noopener\">Regulamento e tabela de taxas e licen\u00e7as<\/a><\/div>\n\n\n\n<div class=\"wp-block-file\"><a href=\"http:\/\/www.jfpontagarca.net\/wp-content\/uploads\/2019\/07\/Regulamento-de-taxas-de-fotoc\u00f3pias.pdf\" target=\"_blank\" rel=\"noreferrer noopener\">Regulamento de taxas de fotoc\u00f3pias<\/a><\/div>\n\n\n\n<div class=\"wp-block-file\"><a href=\"http:\/\/www.jfpontagarca.net\/wp-content\/uploads\/2019\/07\/ALTERACAO_REGULAMENTO_TAXAS_compressed.pdf\" target=\"_blank\" rel=\"noreferrer noopener\">Altera\u00e7\u00e3o de Regulamento de Taxas<\/a><\/div>\n\n\n\n<div class=\"wp-block-file\"><a href=\"http:\/\/www.jfpontagarca.net\/wp-content\/uploads\/2024\/01\/edital-alteracao-de-taxas.pdf\" target=\"_blank\" rel=\"noreferrer noopener\">Edital Taxas 2024<\/a><\/div>\n\n\n\n<div class=\"wp-block-file\"><a href=\"http:\/\/www.jfpontagarca.net\/wp-content\/uploads\/2019\/07\/EDITAL_TAXAS.pdf\" target=\"_blank\" rel=\"noreferrer noopener\">Edital de Taxas <\/a><\/div>\n\n\n\n<p><\/p>\n","protected":false},"excerpt":{"rendered":"<p>Or\u00e7amentos Or\u00e7amento 2026 Or\u00e7amento 2025 Or\u00e7amento 2024 Or\u00e7amento 2023 Or\u00e7amento 2022 Or\u00e7amento 2021 Contas Intercalares Relat\u00f3rio de gest\u00e3o&nbsp; Fecho de Contas Intercalares 2025 Relat\u00f3rio de Gest\u00e3o 2024 Relat\u00f3rio de Gest\u00e3o 2023 Relat\u00f3rio de Gest\u00e3o 2022 Relat\u00f3rio de Gest\u00e3o 2021 Relat\u00f3rio de Gest\u00e3o 2020 Taxas e Licen\u00e7as<\/p>\n","protected":false},"author":2,"featured_media":0,"parent":0,"menu_order":0,"comment_status":"closed","ping_status":"closed","template":"","meta":{"footnotes":""},"class_list":["post-110","page","type-page","status-publish","hentry"],"_links":{"self":[{"href":"http:\/\/www.jfpontagarca.net\/index.php?rest_route=\/wp\/v2\/pages\/110"}],"collection":[{"href":"http:\/\/www.jfpontagarca.net\/index.php?rest_route=\/wp\/v2\/pages"}],"about":[{"href":"http:\/\/www.jfpontagarca.net\/index.php?rest_route=\/wp\/v2\/types\/page"}],"author":[{"embeddable":true,"href":"http:\/\/www.jfpontagarca.net\/index.php?rest_route=\/wp\/v2\/users\/2"}],"replies":[{"embeddable":true,"href":"http:\/\/www.jfpontagarca.net\/index.php?rest_route=%2Fwp%2Fv2%2Fcomments&post=110"}],"version-history":[{"count":58,"href":"http:\/\/www.jfpontagarca.net\/index.php?rest_route=\/wp\/v2\/pages\/110\/revisions"}],"predecessor-version":[{"id":461,"href":"http:\/\/www.jfpontagarca.net\/index.php?rest_route=\/wp\/v2\/pages\/110\/revisions\/461"}],"wp:attachment":[{"href":"http:\/\/www.jfpontagarca.net\/index.php?rest_route=%2Fwp%2Fv2%2Fmedia&parent=110"}],"curies":[{"name":"wp","href":"https:\/\/api.w.org\/{rel}","templated":true}]}}